{"id":577,"date":"2018-07-23T17:02:25","date_gmt":"2018-07-23T20:02:25","guid":{"rendered":"http:\/\/engeval.ind.br\/site\/?page_id=577"},"modified":"2019-03-05T16:01:50","modified_gmt":"2019-03-05T19:01:50","slug":"valvula-fundo-de-tanque","status":"publish","type":"page","link":"http:\/\/engeval.ind.br\/site\/produtos\/valvula-fundo-de-tanque\/","title":{"rendered":"V\u00e1lvula Fundo de Tanque"},"content":{"rendered":"\t\t<div data-elementor-type=\"wp-post\" data-elementor-id=\"577\" class=\"elementor elementor-577 elementor-bc-flex-widget\">\n\t\t\t\t\t\t<section class=\"elementor-section elementor-top-section elementor-element elementor-element-7179f715 elementor-section-boxed elementor-section-height-default elementor-section-height-default\" data-id=\"7179f715\" data-element_type=\"section\" data-e-type=\"section\">\n\t\t\t\t\t\t<div class=\"elementor-container elementor-column-gap-default\">\n\t\t\t\t\t<div class=\"elementor-column elementor-col-100 elementor-top-column elementor-element elementor-element-2c81cc02\" data-id=\"2c81cc02\" data-element_type=\"column\" data-e-type=\"column\">\n\t\t\t<div class=\"elementor-widget-wrap elementor-element-populated\">\n\t\t\t\t\t\t<div class=\"elementor-element elementor-element-2f40142e elementor-widget elementor-widget-spacer\" data-id=\"2f40142e\" data-element_type=\"widget\" data-e-type=\"widget\" data-widget_type=\"spacer.default\">\n\t\t\t\t<div class=\"elementor-widget-container\">\n\t\t\t\t\t\t\t<div class=\"elementor-spacer\">\n\t\t\t<div class=\"elementor-spacer-inner\"><\/div>\n\t\t<\/div>\n\t\t\t\t\t\t<\/div>\n\t\t\t\t<\/div>\n\t\t\t\t\t<\/div>\n\t\t<\/div>\n\t\t\t\t\t<\/div>\n\t\t<\/section>\n\t\t\t\t<section class=\"elementor-section elementor-top-section elementor-element elementor-element-771853b4 elementor-section-boxed elementor-section-height-default elementor-section-height-default\" data-id=\"771853b4\" data-element_type=\"section\" data-e-type=\"section\">\n\t\t\t\t\t\t<div class=\"elementor-container elementor-column-gap-default\">\n\t\t\t\t\t<div class=\"elementor-column elementor-col-25 elementor-top-column elementor-element elementor-element-7fafd116\" data-id=\"7fafd116\" data-element_type=\"column\" data-e-type=\"column\">\n\t\t\t<div class=\"elementor-widget-wrap elementor-element-populated\">\n\t\t\t\t\t\t<div class=\"elementor-element elementor-element-5b6d363a elementor-widget elementor-widget-image\" data-id=\"5b6d363a\" data-element_type=\"widget\" data-e-type=\"widget\" data-widget_type=\"image.default\">\n\t\t\t\t<div class=\"elementor-widget-container\">\n\t\t\t\t\t\t\t\t\t\t\t\t\t\t\t<img fetchpriority=\"high\" decoding=\"async\" width=\"750\" height=\"550\" src=\"https:\/\/engeval.ind.br\/site\/wp-content\/uploads\/2018\/07\/engeval_produtos_tumb-Valvula-fundo-de-tanque.png\" class=\"attachment-large size-large wp-image-268\" alt=\"\" srcset=\"https:\/\/engeval.ind.br\/site\/wp-content\/uploads\/2018\/07\/engeval_produtos_tumb-Valvula-fundo-de-tanque.png 750w, https:\/\/engeval.ind.br\/site\/wp-content\/uploads\/2018\/07\/engeval_produtos_tumb-Valvula-fundo-de-tanque-300x220.png 300w\" sizes=\"(max-width: 750px) 100vw, 750px\" \/>\t\t\t\t\t\t\t\t\t\t\t\t\t\t\t<\/div>\n\t\t\t\t<\/div>\n\t\t\t\t<div class=\"elementor-element elementor-element-6f005281 elementor-widget elementor-widget-heading\" data-id=\"6f005281\" data-element_type=\"widget\" data-e-type=\"widget\" data-widget_type=\"heading.default\">\n\t\t\t\t<div class=\"elementor-widget-container\">\n\t\t\t\t\t<h2 class=\"elementor-heading-title elementor-size-default\">V\u00e1lvula Fundo<br \/>de Tanque<\/h2>\t\t\t\t<\/div>\n\t\t\t\t<\/div>\n\t\t\t\t\t<\/div>\n\t\t<\/div>\n\t\t\t\t<div class=\"elementor-column elementor-col-25 elementor-top-column elementor-element elementor-element-4a54bbe6\" data-id=\"4a54bbe6\" data-element_type=\"column\" data-e-type=\"column\">\n\t\t\t<div class=\"elementor-widget-wrap elementor-element-populated\">\n\t\t\t\t\t\t<div class=\"elementor-element elementor-element-414e149 elementor-widget elementor-widget-heading\" data-id=\"414e149\" data-element_type=\"widget\" data-e-type=\"widget\" data-widget_type=\"heading.default\">\n\t\t\t\t<div class=\"elementor-widget-container\">\n\t\t\t\t\t<h4 class=\"elementor-heading-title elementor-size-default\">Veda\u00e7\u00e3o Externa<\/h4>\t\t\t\t<\/div>\n\t\t\t\t<\/div>\n\t\t\t\t<div class=\"elementor-element elementor-element-1c6a4b70 elementor-widget-divider--view-line elementor-widget elementor-widget-divider\" data-id=\"1c6a4b70\" data-element_type=\"widget\" data-e-type=\"widget\" data-widget_type=\"divider.default\">\n\t\t\t\t<div class=\"elementor-widget-container\">\n\t\t\t\t\t\t\t<div class=\"elementor-divider\">\n\t\t\t<span class=\"elementor-divider-separator\">\n\t\t\t\t\t\t<\/span>\n\t\t<\/div>\n\t\t\t\t\t\t<\/div>\n\t\t\t\t<\/div>\n\t\t\t\t<div class=\"elementor-element elementor-element-da570ef elementor-widget elementor-widget-text-editor\" data-id=\"da570ef\" data-element_type=\"widget\" data-e-type=\"widget\" data-widget_type=\"text-editor.default\">\n\t\t\t\t<div class=\"elementor-widget-container\">\n\t\t\t\t\t\t\t\t\t<p class=\"elementor-image-box-title\"><a href=\"http:\/\/engeval.ind.br\/site\/wp-content\/uploads\/2018\/10\/7-02Especifica\u00e7\u00e3o-de-Materiais-para-V\u00e1lvula-Fundo-de-Tanque-Veda\u00e7\u00e3o-Externa.pdf\" target=\"_blank\" rel=\"noopener\">Especifica\u00e7\u00e3o de materiais <\/a><\/p>\t\t\t\t\t\t\t\t<\/div>\n\t\t\t\t<\/div>\n\t\t\t\t<div class=\"elementor-element elementor-element-6ecfa179 elementor-widget elementor-widget-text-editor\" data-id=\"6ecfa179\" data-element_type=\"widget\" data-e-type=\"widget\" data-widget_type=\"text-editor.default\">\n\t\t\t\t<div class=\"elementor-widget-container\">\n\t\t\t\t\t\t\t\t\t<p class=\"elementor-image-box-title\"><a href=\"http:\/\/engeval.ind.br\/site\/wp-content\/uploads\/2018\/10\/7-03V\u00e1lvula-Fundo-de-Tanque-Veda\u00e7\u00e3o-Externa-Classe-150.pdf\" target=\"_blank\" rel=\"noopener\">Classe 150 PSI<\/a><\/p>\t\t\t\t\t\t\t\t<\/div>\n\t\t\t\t<\/div>\n\t\t\t\t<div class=\"elementor-element elementor-element-624ab1d4 elementor-widget elementor-widget-spacer\" data-id=\"624ab1d4\" data-element_type=\"widget\" data-e-type=\"widget\" data-widget_type=\"spacer.default\">\n\t\t\t\t<div class=\"elementor-widget-container\">\n\t\t\t\t\t\t\t<div class=\"elementor-spacer\">\n\t\t\t<div class=\"elementor-spacer-inner\"><\/div>\n\t\t<\/div>\n\t\t\t\t\t\t<\/div>\n\t\t\t\t<\/div>\n\t\t\t\t<div class=\"elementor-element elementor-element-b97541d elementor-widget elementor-widget-heading\" data-id=\"b97541d\" data-element_type=\"widget\" data-e-type=\"widget\" data-widget_type=\"heading.default\">\n\t\t\t\t<div class=\"elementor-widget-container\">\n\t\t\t\t\t<h4 class=\"elementor-heading-title elementor-size-default\">Veda\u00e7\u00e3o Interna<\/h4>\t\t\t\t<\/div>\n\t\t\t\t<\/div>\n\t\t\t\t<div class=\"elementor-element elementor-element-46e5248a elementor-widget-divider--view-line elementor-widget elementor-widget-divider\" data-id=\"46e5248a\" data-element_type=\"widget\" data-e-type=\"widget\" data-widget_type=\"divider.default\">\n\t\t\t\t<div class=\"elementor-widget-container\">\n\t\t\t\t\t\t\t<div class=\"elementor-divider\">\n\t\t\t<span class=\"elementor-divider-separator\">\n\t\t\t\t\t\t<\/span>\n\t\t<\/div>\n\t\t\t\t\t\t<\/div>\n\t\t\t\t<\/div>\n\t\t\t\t<div class=\"elementor-element elementor-element-458e2bc elementor-widget elementor-widget-text-editor\" data-id=\"458e2bc\" data-element_type=\"widget\" data-e-type=\"widget\" data-widget_type=\"text-editor.default\">\n\t\t\t\t<div class=\"elementor-widget-container\">\n\t\t\t\t\t\t\t\t\t<p class=\"elementor-image-box-title\"><a href=\"http:\/\/engeval.ind.br\/site\/wp-content\/uploads\/2018\/10\/7-04Especifica\u00e7\u00e3o-de-Materiais-para-V\u00e1lvula-Fundo-de-Tanque-Veda\u00e7\u00e3o-Interna.pdf\" target=\"_blank\" rel=\"noopener\">Especifica\u00e7\u00e3o de materiais <\/a><\/p>\t\t\t\t\t\t\t\t<\/div>\n\t\t\t\t<\/div>\n\t\t\t\t<div class=\"elementor-element elementor-element-2c3bc959 elementor-widget elementor-widget-text-editor\" data-id=\"2c3bc959\" data-element_type=\"widget\" data-e-type=\"widget\" data-widget_type=\"text-editor.default\">\n\t\t\t\t<div class=\"elementor-widget-container\">\n\t\t\t\t\t\t\t\t\t<p class=\"elementor-image-box-title\"><a href=\"http:\/\/engeval.ind.br\/site\/wp-content\/uploads\/2018\/10\/7-05V\u00e1lvula-Fundo-de-Tanque-Veda\u00e7\u00e3o-Interna-Classe-150.pdf\" target=\"_blank\" rel=\"noopener\">Classe 150 PSI<\/a><\/p>\t\t\t\t\t\t\t\t<\/div>\n\t\t\t\t<\/div>\n\t\t\t\t\t<\/div>\n\t\t<\/div>\n\t\t\t\t<div class=\"elementor-column elementor-col-25 elementor-top-column elementor-element elementor-element-880f85\" data-id=\"880f85\" data-element_type=\"column\" data-e-type=\"column\">\n\t\t\t<div class=\"elementor-widget-wrap elementor-element-populated\">\n\t\t\t\t\t\t<div class=\"elementor-element elementor-element-2bfc0126 elementor-widget elementor-widget-heading\" data-id=\"2bfc0126\" data-element_type=\"widget\" data-e-type=\"widget\" data-widget_type=\"heading.default\">\n\t\t\t\t<div class=\"elementor-widget-container\">\n\t\t\t\t\t<h4 class=\"elementor-heading-title elementor-size-default\">Tipo Pist\u00e3o<\/h4>\t\t\t\t<\/div>\n\t\t\t\t<\/div>\n\t\t\t\t<div class=\"elementor-element elementor-element-5584e13a elementor-widget-divider--view-line elementor-widget elementor-widget-divider\" data-id=\"5584e13a\" data-element_type=\"widget\" data-e-type=\"widget\" data-widget_type=\"divider.default\">\n\t\t\t\t<div class=\"elementor-widget-container\">\n\t\t\t\t\t\t\t<div class=\"elementor-divider\">\n\t\t\t<span class=\"elementor-divider-separator\">\n\t\t\t\t\t\t<\/span>\n\t\t<\/div>\n\t\t\t\t\t\t<\/div>\n\t\t\t\t<\/div>\n\t\t\t\t<div class=\"elementor-element elementor-element-6e57165 elementor-widget elementor-widget-text-editor\" data-id=\"6e57165\" data-element_type=\"widget\" data-e-type=\"widget\" data-widget_type=\"text-editor.default\">\n\t\t\t\t<div class=\"elementor-widget-container\">\n\t\t\t\t\t\t\t\t\t<p class=\"elementor-image-box-title\"><a href=\"http:\/\/engeval.ind.br\/site\/wp-content\/uploads\/2018\/10\/7-06Especifica\u00e7\u00e3o-de-Materiais-para-V\u00e1lvula-Fundo-de-Tanque-Tipo-Pist\u00e3o.pdf\" target=\"_blank\" rel=\"noopener\">Especifica\u00e7\u00e3o de materiais <\/a><\/p>\t\t\t\t\t\t\t\t<\/div>\n\t\t\t\t<\/div>\n\t\t\t\t<div class=\"elementor-element elementor-element-4bf1256a elementor-widget elementor-widget-text-editor\" data-id=\"4bf1256a\" data-element_type=\"widget\" data-e-type=\"widget\" data-widget_type=\"text-editor.default\">\n\t\t\t\t<div class=\"elementor-widget-container\">\n\t\t\t\t\t\t\t\t\t<p class=\"elementor-image-box-title\"><a href=\"http:\/\/engeval.ind.br\/site\/wp-content\/uploads\/2018\/10\/7-07V\u00e1lvula-Fundo-de-Tanque-Tipo-Pist\u00e3o-Classe-150.pdf\" target=\"_blank\" rel=\"noopener\">Classe 150 PSI<\/a><\/p>\t\t\t\t\t\t\t\t<\/div>\n\t\t\t\t<\/div>\n\t\t\t\t<div class=\"elementor-element elementor-element-43c5a836 elementor-widget elementor-widget-spacer\" data-id=\"43c5a836\" data-element_type=\"widget\" data-e-type=\"widget\" data-widget_type=\"spacer.default\">\n\t\t\t\t<div class=\"elementor-widget-container\">\n\t\t\t\t\t\t\t<div class=\"elementor-spacer\">\n\t\t\t<div class=\"elementor-spacer-inner\"><\/div>\n\t\t<\/div>\n\t\t\t\t\t\t<\/div>\n\t\t\t\t<\/div>\n\t\t\t\t<div class=\"elementor-element elementor-element-7e7a8416 elementor-widget elementor-widget-heading\" data-id=\"7e7a8416\" data-element_type=\"widget\" data-e-type=\"widget\" data-widget_type=\"heading.default\">\n\t\t\t\t<div class=\"elementor-widget-container\">\n\t\t\t\t\t<h4 class=\"elementor-heading-title elementor-size-default\">Amostragem<\/h4>\t\t\t\t<\/div>\n\t\t\t\t<\/div>\n\t\t\t\t<div class=\"elementor-element elementor-element-2113d3e7 elementor-widget-divider--view-line elementor-widget elementor-widget-divider\" data-id=\"2113d3e7\" data-element_type=\"widget\" data-e-type=\"widget\" data-widget_type=\"divider.default\">\n\t\t\t\t<div class=\"elementor-widget-container\">\n\t\t\t\t\t\t\t<div class=\"elementor-divider\">\n\t\t\t<span class=\"elementor-divider-separator\">\n\t\t\t\t\t\t<\/span>\n\t\t<\/div>\n\t\t\t\t\t\t<\/div>\n\t\t\t\t<\/div>\n\t\t\t\t<div class=\"elementor-element elementor-element-d61e090 elementor-widget elementor-widget-text-editor\" data-id=\"d61e090\" data-element_type=\"widget\" data-e-type=\"widget\" data-widget_type=\"text-editor.default\">\n\t\t\t\t<div class=\"elementor-widget-container\">\n\t\t\t\t\t\t\t\t\t<p class=\"elementor-image-box-title\"><a href=\"http:\/\/engeval.ind.br\/site\/wp-content\/uploads\/2018\/10\/7-08Especifica\u00e7\u00e3o-de-Materiais-para-V\u00e1lvula-de-Amostragem.pdf\" target=\"_blank\" rel=\"noopener\">Especifica\u00e7\u00e3o de materiais <\/a><\/p>\t\t\t\t\t\t\t\t<\/div>\n\t\t\t\t<\/div>\n\t\t\t\t<div class=\"elementor-element elementor-element-2a0424ee elementor-widget elementor-widget-text-editor\" data-id=\"2a0424ee\" data-element_type=\"widget\" data-e-type=\"widget\" data-widget_type=\"text-editor.default\">\n\t\t\t\t<div class=\"elementor-widget-container\">\n\t\t\t\t\t\t\t\t\t<p class=\"elementor-image-box-title\"><a href=\"http:\/\/engeval.ind.br\/site\/wp-content\/uploads\/2018\/10\/7-09V\u00e1lvula-de-Amostragem-Classe-600-PSI.pdf\" target=\"_blank\" rel=\"noopener\">Classe 600 PSI<\/a><\/p>\t\t\t\t\t\t\t\t<\/div>\n\t\t\t\t<\/div>\n\t\t\t\t\t<\/div>\n\t\t<\/div>\n\t\t\t\t<div class=\"elementor-column elementor-col-25 elementor-top-column elementor-element elementor-element-13551f02\" data-id=\"13551f02\" data-element_type=\"column\" data-e-type=\"column\">\n\t\t\t<div class=\"elementor-widget-wrap elementor-element-populated\">\n\t\t\t\t\t\t<div class=\"elementor-element elementor-element-7c870a3 elementor-widget elementor-widget-heading\" data-id=\"7c870a3\" data-element_type=\"widget\" data-e-type=\"widget\" data-widget_type=\"heading.default\">\n\t\t\t\t<div class=\"elementor-widget-container\">\n\t\t\t\t\t<h4 class=\"elementor-heading-title elementor-size-default\">Anexos<\/h4>\t\t\t\t<\/div>\n\t\t\t\t<\/div>\n\t\t\t\t<div class=\"elementor-element elementor-element-193541c elementor-widget-divider--view-line elementor-widget elementor-widget-divider\" data-id=\"193541c\" data-element_type=\"widget\" data-e-type=\"widget\" data-widget_type=\"divider.default\">\n\t\t\t\t<div class=\"elementor-widget-container\">\n\t\t\t\t\t\t\t<div class=\"elementor-divider\">\n\t\t\t<span class=\"elementor-divider-separator\">\n\t\t\t\t\t\t<\/span>\n\t\t<\/div>\n\t\t\t\t\t\t<\/div>\n\t\t\t\t<\/div>\n\t\t\t\t<div class=\"elementor-element elementor-element-b3301b2 elementor-widget elementor-widget-text-editor\" data-id=\"b3301b2\" data-element_type=\"widget\" data-e-type=\"widget\" data-widget_type=\"text-editor.default\">\n\t\t\t\t<div class=\"elementor-widget-container\">\n\t\t\t\t\t\t\t\t\t<div class=\"elementor-element elementor-element-6f9b26a elementor-widget elementor-widget-text-editor\" data-id=\"6f9b26a\" data-element_type=\"text-editor.default\"><div class=\"elementor-widget-container\"><div class=\"elementor-text-editor elementor-clearfix\"><p><a href=\"http:\/\/engeval.ind.br\/site\/wp-content\/uploads\/2018\/11\/ANEXO-A.pdf\" target=\"_blank\" rel=\"noopener\">ANEXO A<\/a> \u00a0\u00a0 \/\u00a0\u00a0\u00a0 <a href=\"http:\/\/engeval.ind.br\/site\/wp-content\/uploads\/2019\/03\/ANEXO-B.pdf\" target=\"_blank\" rel=\"noopener\">ANEXO B<br \/><\/a><\/p><p><a href=\"http:\/\/engeval.ind.br\/site\/wp-content\/uploads\/2018\/11\/ANEXO-E.pdf\" target=\"_blank\" rel=\"noopener\">ANEXO E<\/a><\/p><\/div><\/div><\/div>\t\t\t\t\t\t\t\t<\/div>\n\t\t\t\t<\/div>\n\t\t\t\t<div class=\"elementor-element elementor-element-7388e734 elementor-widget elementor-widget-spacer\" data-id=\"7388e734\" data-element_type=\"widget\" data-e-type=\"widget\" data-widget_type=\"spacer.default\">\n\t\t\t\t<div class=\"elementor-widget-container\">\n\t\t\t\t\t\t\t<div class=\"elementor-spacer\">\n\t\t\t<div class=\"elementor-spacer-inner\"><\/div>\n\t\t<\/div>\n\t\t\t\t\t\t<\/div>\n\t\t\t\t<\/div>\n\t\t\t\t\t<\/div>\n\t\t<\/div>\n\t\t\t\t\t<\/div>\n\t\t<\/section>\n\t\t\t\t<section class=\"elementor-section elementor-top-section elementor-element elementor-element-c4807ff elementor-section-boxed elementor-section-height-default elementor-section-height-default\" data-id=\"c4807ff\" data-element_type=\"section\" data-e-type=\"section\">\n\t\t\t\t\t\t<div class=\"elementor-container elementor-column-gap-default\">\n\t\t\t\t\t<div class=\"elementor-column elementor-col-100 elementor-top-column elementor-element elementor-element-ef0435e\" data-id=\"ef0435e\" data-element_type=\"column\" data-e-type=\"column\">\n\t\t\t<div class=\"elementor-widget-wrap elementor-element-populated\">\n\t\t\t\t\t\t<div class=\"elementor-element elementor-element-1870c3d elementor-widget elementor-widget-spacer\" data-id=\"1870c3d\" data-element_type=\"widget\" data-e-type=\"widget\" data-widget_type=\"spacer.default\">\n\t\t\t\t<div class=\"elementor-widget-container\">\n\t\t\t\t\t\t\t<div class=\"elementor-spacer\">\n\t\t\t<div class=\"elementor-spacer-inner\"><\/div>\n\t\t<\/div>\n\t\t\t\t\t\t<\/div>\n\t\t\t\t<\/div>\n\t\t\t\t\t<\/div>\n\t\t<\/div>\n\t\t\t\t\t<\/div>\n\t\t<\/section>\n\t\t\t\t<\/div>\n\t\t","protected":false},"excerpt":{"rendered":"<p>V\u00e1lvula Fundode Tanque Veda\u00e7\u00e3o Externa Especifica\u00e7\u00e3o de materiais Classe 150 PSI Veda\u00e7\u00e3o Interna Especifica\u00e7\u00e3o de materiais Classe 150 PSI Tipo Pist\u00e3o Especifica\u00e7\u00e3o de materiais Classe 150 PSI Amostragem Especifica\u00e7\u00e3o de materiais Classe 600 PSI Anexos ANEXO A \u00a0\u00a0 \/\u00a0\u00a0\u00a0 ANEXO B ANEXO E<\/p>\n","protected":false},"author":1,"featured_media":0,"parent":226,"menu_order":0,"comment_status":"closed","ping_status":"closed","template":"","meta":{"ocean_post_layout":"","ocean_both_sidebars_style":"","ocean_both_sidebars_content_width":0,"ocean_both_sidebars_sidebars_width":0,"ocean_sidebar":"0","ocean_second_sidebar":"0","ocean_disable_margins":"enable","ocean_add_body_class":"","ocean_shortcode_before_top_bar":"","ocean_shortcode_after_top_bar":"","ocean_shortcode_before_header":"","ocean_shortcode_after_header":"","ocean_has_shortcode":"","ocean_shortcode_after_title":"","ocean_shortcode_before_footer_widgets":"","ocean_shortcode_after_footer_widgets":"","ocean_shortcode_before_footer_bottom":"","ocean_shortcode_after_footer_bottom":"","ocean_display_top_bar":"default","ocean_display_header":"default","ocean_header_style":"","ocean_center_header_left_menu":"0","ocean_custom_header_template":"0","ocean_custom_logo":0,"ocean_custom_retina_logo":0,"ocean_custom_logo_max_width":0,"ocean_custom_logo_tablet_max_width":0,"ocean_custom_logo_mobile_max_width":0,"ocean_custom_logo_max_height":0,"ocean_custom_logo_tablet_max_height":0,"ocean_custom_logo_mobile_max_height":0,"ocean_header_custom_menu":"0","ocean_menu_typo_font_family":"0","ocean_menu_typo_font_subset":"","ocean_menu_typo_font_size":0,"ocean_menu_typo_font_size_tablet":0,"ocean_menu_typo_font_size_mobile":0,"ocean_menu_typo_font_size_unit":"px","ocean_menu_typo_font_weight":"","ocean_menu_typo_font_weight_tablet":"","ocean_menu_typo_font_weight_mobile":"","ocean_menu_typo_transform":"","ocean_menu_typo_transform_tablet":"","ocean_menu_typo_transform_mobile":"","ocean_menu_typo_line_height":0,"ocean_menu_typo_line_height_tablet":0,"ocean_menu_typo_line_height_mobile":0,"ocean_menu_typo_line_height_unit":"","ocean_menu_typo_spacing":0,"ocean_menu_typo_spacing_tablet":0,"ocean_menu_typo_spacing_mobile":0,"ocean_menu_typo_spacing_unit":"","ocean_menu_link_color":"","ocean_menu_link_color_hover":"","ocean_menu_link_color_active":"","ocean_menu_link_background":"","ocean_menu_link_hover_background":"","ocean_menu_link_active_background":"","ocean_menu_social_links_bg":"","ocean_menu_social_hover_links_bg":"","ocean_menu_social_links_color":"","ocean_menu_social_hover_links_color":"","ocean_disable_title":"default","ocean_disable_heading":"default","ocean_post_title":"","ocean_post_subheading":"","ocean_post_title_style":"","ocean_post_title_background_color":"","ocean_post_title_background":0,"ocean_post_title_bg_image_position":"","ocean_post_title_bg_image_attachment":"","ocean_post_title_bg_image_repeat":"","ocean_post_title_bg_image_size":"","ocean_post_title_height":0,"ocean_post_title_bg_overlay":0.5,"ocean_post_title_bg_overlay_color":"","ocean_disable_breadcrumbs":"default","ocean_breadcrumbs_color":"","ocean_breadcrumbs_separator_color":"","ocean_breadcrumbs_links_color":"","ocean_breadcrumbs_links_hover_color":"","ocean_display_footer_widgets":"default","ocean_display_footer_bottom":"default","ocean_custom_footer_template":"","footnotes":""},"class_list":["post-577","page","type-page","status-publish","hentry","entry"],"_links":{"self":[{"href":"http:\/\/engeval.ind.br\/site\/wp-json\/wp\/v2\/pages\/577","targetHints":{"allow":["GET"]}}],"collection":[{"href":"http:\/\/engeval.ind.br\/site\/wp-json\/wp\/v2\/pages"}],"about":[{"href":"http:\/\/engeval.ind.br\/site\/wp-json\/wp\/v2\/types\/page"}],"author":[{"embeddable":true,"href":"http:\/\/engeval.ind.br\/site\/wp-json\/wp\/v2\/users\/1"}],"replies":[{"embeddable":true,"href":"http:\/\/engeval.ind.br\/site\/wp-json\/wp\/v2\/comments?post=577"}],"version-history":[{"count":14,"href":"http:\/\/engeval.ind.br\/site\/wp-json\/wp\/v2\/pages\/577\/revisions"}],"predecessor-version":[{"id":1315,"href":"http:\/\/engeval.ind.br\/site\/wp-json\/wp\/v2\/pages\/577\/revisions\/1315"}],"up":[{"embeddable":true,"href":"http:\/\/engeval.ind.br\/site\/wp-json\/wp\/v2\/pages\/226"}],"wp:attachment":[{"href":"http:\/\/engeval.ind.br\/site\/wp-json\/wp\/v2\/media?parent=577"}],"curies":[{"name":"wp","href":"https:\/\/api.w.org\/{rel}","templated":true}]}}