{"id":563,"date":"2018-07-23T16:49:25","date_gmt":"2018-07-23T19:49:25","guid":{"rendered":"http:\/\/engeval.ind.br\/site\/?page_id=563"},"modified":"2019-03-05T16:23:12","modified_gmt":"2019-03-05T19:23:12","slug":"valvula-macho","status":"publish","type":"page","link":"http:\/\/engeval.ind.br\/site\/produtos\/valvula-macho\/","title":{"rendered":"V\u00e1lvula Macho"},"content":{"rendered":"\t\t<div data-elementor-type=\"wp-post\" data-elementor-id=\"563\" class=\"elementor elementor-563 elementor-bc-flex-widget\">\n\t\t\t\t\t\t<section class=\"elementor-section elementor-top-section elementor-element elementor-element-4b09b2b9 elementor-section-boxed elementor-section-height-default elementor-section-height-default\" data-id=\"4b09b2b9\" data-element_type=\"section\" data-e-type=\"section\">\n\t\t\t\t\t\t<div class=\"elementor-container elementor-column-gap-default\">\n\t\t\t\t\t<div class=\"elementor-column elementor-col-100 elementor-top-column elementor-element elementor-element-125eac3c\" data-id=\"125eac3c\" data-element_type=\"column\" data-e-type=\"column\">\n\t\t\t<div class=\"elementor-widget-wrap elementor-element-populated\">\n\t\t\t\t\t\t<div class=\"elementor-element elementor-element-4e23631f elementor-widget elementor-widget-spacer\" data-id=\"4e23631f\" data-element_type=\"widget\" data-e-type=\"widget\" data-widget_type=\"spacer.default\">\n\t\t\t\t<div class=\"elementor-widget-container\">\n\t\t\t\t\t\t\t<div class=\"elementor-spacer\">\n\t\t\t<div class=\"elementor-spacer-inner\"><\/div>\n\t\t<\/div>\n\t\t\t\t\t\t<\/div>\n\t\t\t\t<\/div>\n\t\t\t\t\t<\/div>\n\t\t<\/div>\n\t\t\t\t\t<\/div>\n\t\t<\/section>\n\t\t\t\t<section class=\"elementor-section elementor-top-section elementor-element elementor-element-1ba98afd elementor-section-boxed elementor-section-height-default elementor-section-height-default\" data-id=\"1ba98afd\" data-element_type=\"section\" data-e-type=\"section\">\n\t\t\t\t\t\t<div class=\"elementor-container elementor-column-gap-default\">\n\t\t\t\t\t<div class=\"elementor-column elementor-col-25 elementor-top-column elementor-element elementor-element-5d608b11\" data-id=\"5d608b11\" data-element_type=\"column\" data-e-type=\"column\">\n\t\t\t<div class=\"elementor-widget-wrap elementor-element-populated\">\n\t\t\t\t\t\t<div class=\"elementor-element elementor-element-20cb7f26 elementor-widget elementor-widget-image\" data-id=\"20cb7f26\" data-element_type=\"widget\" data-e-type=\"widget\" data-widget_type=\"image.default\">\n\t\t\t\t<div class=\"elementor-widget-container\">\n\t\t\t\t\t\t\t\t\t\t\t\t\t\t\t<img fetchpriority=\"high\" decoding=\"async\" width=\"750\" height=\"550\" src=\"https:\/\/engeval.ind.br\/site\/wp-content\/uploads\/2018\/07\/engeval_produtos_tumb-Valvula-macho.png\" class=\"attachment-large size-large wp-image-266\" alt=\"\" srcset=\"https:\/\/engeval.ind.br\/site\/wp-content\/uploads\/2018\/07\/engeval_produtos_tumb-Valvula-macho.png 750w, https:\/\/engeval.ind.br\/site\/wp-content\/uploads\/2018\/07\/engeval_produtos_tumb-Valvula-macho-300x220.png 300w\" sizes=\"(max-width: 750px) 100vw, 750px\" \/>\t\t\t\t\t\t\t\t\t\t\t\t\t\t\t<\/div>\n\t\t\t\t<\/div>\n\t\t\t\t<div class=\"elementor-element elementor-element-7738656d elementor-widget elementor-widget-heading\" data-id=\"7738656d\" data-element_type=\"widget\" data-e-type=\"widget\" data-widget_type=\"heading.default\">\n\t\t\t\t<div class=\"elementor-widget-container\">\n\t\t\t\t\t<h2 class=\"elementor-heading-title elementor-size-default\">V\u00e1lvula Macho<\/h2>\t\t\t\t<\/div>\n\t\t\t\t<\/div>\n\t\t\t\t\t<\/div>\n\t\t<\/div>\n\t\t\t\t<div class=\"elementor-column elementor-col-25 elementor-top-column elementor-element elementor-element-6e270600\" data-id=\"6e270600\" data-element_type=\"column\" data-e-type=\"column\">\n\t\t\t<div class=\"elementor-widget-wrap elementor-element-populated\">\n\t\t\t\t\t\t<div class=\"elementor-element elementor-element-4a68277 elementor-widget elementor-widget-heading\" data-id=\"4a68277\" data-element_type=\"widget\" data-e-type=\"widget\" data-widget_type=\"heading.default\">\n\t\t\t\t<div class=\"elementor-widget-container\">\n\t\t\t\t\t<h4 class=\"elementor-heading-title elementor-size-default\">Passagem Retangular<\/h4>\t\t\t\t<\/div>\n\t\t\t\t<\/div>\n\t\t\t\t<div class=\"elementor-element elementor-element-2f67a518 elementor-widget-divider--view-line elementor-widget elementor-widget-divider\" data-id=\"2f67a518\" data-element_type=\"widget\" data-e-type=\"widget\" data-widget_type=\"divider.default\">\n\t\t\t\t<div class=\"elementor-widget-container\">\n\t\t\t\t\t\t\t<div class=\"elementor-divider\">\n\t\t\t<span class=\"elementor-divider-separator\">\n\t\t\t\t\t\t<\/span>\n\t\t<\/div>\n\t\t\t\t\t\t<\/div>\n\t\t\t\t<\/div>\n\t\t\t\t<div class=\"elementor-element elementor-element-1a953620 elementor-widget elementor-widget-text-editor\" data-id=\"1a953620\" data-element_type=\"widget\" data-e-type=\"widget\" data-widget_type=\"text-editor.default\">\n\t\t\t\t<div class=\"elementor-widget-container\">\n\t\t\t\t\t\t\t\t\t<p class=\"elementor-image-box-title\"><a href=\"http:\/\/engeval.ind.br\/site\/wp-content\/uploads\/2018\/10\/6-02Especifica\u00e7\u00e3o-de-Materiais-para-V\u00e1lvula-Macho.pdf\" target=\"_blank\" rel=\"noopener\">Especifica\u00e7\u00e3o de materiais<\/a><\/p>\t\t\t\t\t\t\t\t<\/div>\n\t\t\t\t<\/div>\n\t\t\t\t<div class=\"elementor-element elementor-element-ffe7d1d elementor-widget elementor-widget-text-editor\" data-id=\"ffe7d1d\" data-element_type=\"widget\" data-e-type=\"widget\" data-widget_type=\"text-editor.default\">\n\t\t\t\t<div class=\"elementor-widget-container\">\n\t\t\t\t\t\t\t\t\t<p class=\"elementor-image-box-title\"><a href=\"http:\/\/engeval.ind.br\/site\/wp-content\/uploads\/2018\/10\/6-03V\u00e1lvula-Macho-Classe-125.pdf\" target=\"_blank\" rel=\"noopener\">Classe 125 PSI<\/a>\u00a0 \u00a0\/\u00a0 \u00a0<a href=\"http:\/\/engeval.ind.br\/site\/wp-content\/uploads\/2018\/10\/6-04V\u00e1lvula-Macho-Classe-150.pdf\" target=\"_blank\" rel=\"noopener\">Classe 150 PSI<\/a><br \/><a href=\"http:\/\/engeval.ind.br\/site\/wp-content\/uploads\/2018\/10\/6-05V\u00e1lvula-Macho-Classe-300.pdf\" target=\"_blank\" rel=\"noopener\">Classe 300 PSI<\/a>\u00a0 \u00a0\/\u00a0 <a href=\"http:\/\/engeval.ind.br\/site\/wp-content\/uploads\/2018\/10\/6-06V\u00e1lvula-Macho-Classe-600.pdf\" target=\"_blank\" rel=\"noopener\">Classe 600 PSI<\/a><\/p>\t\t\t\t\t\t\t\t<\/div>\n\t\t\t\t<\/div>\n\t\t\t\t<div class=\"elementor-element elementor-element-72526d35 elementor-widget elementor-widget-spacer\" data-id=\"72526d35\" data-element_type=\"widget\" data-e-type=\"widget\" data-widget_type=\"spacer.default\">\n\t\t\t\t<div class=\"elementor-widget-container\">\n\t\t\t\t\t\t\t<div class=\"elementor-spacer\">\n\t\t\t<div class=\"elementor-spacer-inner\"><\/div>\n\t\t<\/div>\n\t\t\t\t\t\t<\/div>\n\t\t\t\t<\/div>\n\t\t\t\t<div class=\"elementor-element elementor-element-646dcd9 elementor-widget elementor-widget-heading\" data-id=\"646dcd9\" data-element_type=\"widget\" data-e-type=\"widget\" data-widget_type=\"heading.default\">\n\t\t\t\t<div class=\"elementor-widget-container\">\n\t\t\t\t\t<h4 class=\"elementor-heading-title elementor-size-default\">Invertido Passagem Retangular\n<\/h4>\t\t\t\t<\/div>\n\t\t\t\t<\/div>\n\t\t\t\t<div class=\"elementor-element elementor-element-298f48fe elementor-widget-divider--view-line elementor-widget elementor-widget-divider\" data-id=\"298f48fe\" data-element_type=\"widget\" data-e-type=\"widget\" data-widget_type=\"divider.default\">\n\t\t\t\t<div class=\"elementor-widget-container\">\n\t\t\t\t\t\t\t<div class=\"elementor-divider\">\n\t\t\t<span class=\"elementor-divider-separator\">\n\t\t\t\t\t\t<\/span>\n\t\t<\/div>\n\t\t\t\t\t\t<\/div>\n\t\t\t\t<\/div>\n\t\t\t\t<div class=\"elementor-element elementor-element-40ef8f6f elementor-widget elementor-widget-text-editor\" data-id=\"40ef8f6f\" data-element_type=\"widget\" data-e-type=\"widget\" data-widget_type=\"text-editor.default\">\n\t\t\t\t<div class=\"elementor-widget-container\">\n\t\t\t\t\t\t\t\t\t<p class=\"elementor-image-box-title\"><a href=\"http:\/\/engeval.ind.br\/site\/wp-content\/uploads\/2018\/10\/6-07Especifica\u00e7\u00e3o-de-Materiais-para-V\u00e1lvula-Macho-Invertido.pdf\" target=\"_blank\" rel=\"noopener\">Especifica\u00e7\u00e3o de materiais<\/a><\/p>\t\t\t\t\t\t\t\t<\/div>\n\t\t\t\t<\/div>\n\t\t\t\t<div class=\"elementor-element elementor-element-817ea9c elementor-widget elementor-widget-text-editor\" data-id=\"817ea9c\" data-element_type=\"widget\" data-e-type=\"widget\" data-widget_type=\"text-editor.default\">\n\t\t\t\t<div class=\"elementor-widget-container\">\n\t\t\t\t\t\t\t\t\t<p class=\"elementor-image-box-title\"><a href=\"http:\/\/engeval.ind.br\/site\/wp-content\/uploads\/2018\/10\/6-08V\u00e1lvula-Macho-Invertido-Classe-600.pdf\" target=\"_blank\" rel=\"noopener\">Classe 600 PSI<\/a>\u00a0 \u00a0\/\u00a0 \u00a0<a href=\"http:\/\/engeval.ind.br\/site\/wp-content\/uploads\/2018\/10\/6-09V\u00e1lvula-Macho-Invertido-Classe-900.pdf\" target=\"_blank\" rel=\"noopener\">Classe 900 PSI<\/a><br \/><a href=\"http:\/\/engeval.ind.br\/site\/wp-content\/uploads\/2018\/10\/6-10V\u00e1lvula-Macho-Invertido-Classe-1500.pdf\" target=\"_blank\" rel=\"noopener\">Classe 1500 PSI<\/a>\u00a0<\/p>\t\t\t\t\t\t\t\t<\/div>\n\t\t\t\t<\/div>\n\t\t\t\t\t<\/div>\n\t\t<\/div>\n\t\t\t\t<div class=\"elementor-column elementor-col-25 elementor-top-column elementor-element elementor-element-6f33b77e\" data-id=\"6f33b77e\" data-element_type=\"column\" data-e-type=\"column\">\n\t\t\t<div class=\"elementor-widget-wrap elementor-element-populated\">\n\t\t\t\t\t\t<div class=\"elementor-element elementor-element-bff9eb5 elementor-widget elementor-widget-heading\" data-id=\"bff9eb5\" data-element_type=\"widget\" data-e-type=\"widget\" data-widget_type=\"heading.default\">\n\t\t\t\t<div class=\"elementor-widget-container\">\n\t\t\t\t\t<h4 class=\"elementor-heading-title elementor-size-default\">Anexos<\/h4>\t\t\t\t<\/div>\n\t\t\t\t<\/div>\n\t\t\t\t<div class=\"elementor-element elementor-element-de72963 elementor-widget-divider--view-line elementor-widget elementor-widget-divider\" data-id=\"de72963\" data-element_type=\"widget\" data-e-type=\"widget\" data-widget_type=\"divider.default\">\n\t\t\t\t<div class=\"elementor-widget-container\">\n\t\t\t\t\t\t\t<div class=\"elementor-divider\">\n\t\t\t<span class=\"elementor-divider-separator\">\n\t\t\t\t\t\t<\/span>\n\t\t<\/div>\n\t\t\t\t\t\t<\/div>\n\t\t\t\t<\/div>\n\t\t\t\t<div class=\"elementor-element elementor-element-6f9b26a elementor-widget elementor-widget-text-editor\" data-id=\"6f9b26a\" data-element_type=\"widget\" data-e-type=\"widget\" data-widget_type=\"text-editor.default\">\n\t\t\t\t<div class=\"elementor-widget-container\">\n\t\t\t\t\t\t\t\t\t<p><a href=\"http:\/\/engeval.ind.br\/site\/wp-content\/uploads\/2018\/11\/ANEXO-A.pdf\" target=\"_blank\" rel=\"noopener\">ANEXO A<\/a> \u00a0\u00a0 \/\u00a0\u00a0\u00a0 <a href=\"http:\/\/engeval.ind.br\/site\/wp-content\/uploads\/2019\/03\/ANEXO-B.pdf\" target=\"_blank\" rel=\"noopener\">ANEXO B<br \/><\/a><\/p><p><a href=\"http:\/\/engeval.ind.br\/site\/wp-content\/uploads\/2018\/11\/ANEXO-E.pdf\" target=\"_blank\" rel=\"noopener\">ANEXO E<\/a><\/p>\t\t\t\t\t\t\t\t<\/div>\n\t\t\t\t<\/div>\n\t\t\t\t\t<\/div>\n\t\t<\/div>\n\t\t\t\t<div class=\"elementor-column elementor-col-25 elementor-top-column elementor-element elementor-element-5388c4fe\" data-id=\"5388c4fe\" data-element_type=\"column\" data-e-type=\"column\">\n\t\t\t<div class=\"elementor-widget-wrap elementor-element-populated\">\n\t\t\t\t\t\t<div class=\"elementor-element elementor-element-40960ae0 elementor-widget elementor-widget-spacer\" data-id=\"40960ae0\" data-element_type=\"widget\" data-e-type=\"widget\" data-widget_type=\"spacer.default\">\n\t\t\t\t<div class=\"elementor-widget-container\">\n\t\t\t\t\t\t\t<div class=\"elementor-spacer\">\n\t\t\t<div class=\"elementor-spacer-inner\"><\/div>\n\t\t<\/div>\n\t\t\t\t\t\t<\/div>\n\t\t\t\t<\/div>\n\t\t\t\t\t<\/div>\n\t\t<\/div>\n\t\t\t\t\t<\/div>\n\t\t<\/section>\n\t\t\t\t<section class=\"elementor-section elementor-top-section elementor-element elementor-element-d3f2742 elementor-section-boxed elementor-section-height-default elementor-section-height-default\" data-id=\"d3f2742\" data-element_type=\"section\" data-e-type=\"section\">\n\t\t\t\t\t\t<div class=\"elementor-container elementor-column-gap-default\">\n\t\t\t\t\t<div class=\"elementor-column elementor-col-100 elementor-top-column elementor-element elementor-element-e8e16c6\" data-id=\"e8e16c6\" data-element_type=\"column\" data-e-type=\"column\">\n\t\t\t<div class=\"elementor-widget-wrap elementor-element-populated\">\n\t\t\t\t\t\t<div class=\"elementor-element elementor-element-72a3e54 elementor-widget elementor-widget-spacer\" data-id=\"72a3e54\" data-element_type=\"widget\" data-e-type=\"widget\" data-widget_type=\"spacer.default\">\n\t\t\t\t<div class=\"elementor-widget-container\">\n\t\t\t\t\t\t\t<div class=\"elementor-spacer\">\n\t\t\t<div class=\"elementor-spacer-inner\"><\/div>\n\t\t<\/div>\n\t\t\t\t\t\t<\/div>\n\t\t\t\t<\/div>\n\t\t\t\t\t<\/div>\n\t\t<\/div>\n\t\t\t\t\t<\/div>\n\t\t<\/section>\n\t\t\t\t<\/div>\n\t\t","protected":false},"excerpt":{"rendered":"<p>V\u00e1lvula Macho Passagem Retangular Especifica\u00e7\u00e3o de materiais Classe 125 PSI\u00a0 \u00a0\/\u00a0 \u00a0Classe 150 PSIClasse 300 PSI\u00a0 \u00a0\/\u00a0 Classe 600 PSI Invertido Passagem Retangular Especifica\u00e7\u00e3o de materiais Classe 600 PSI\u00a0 \u00a0\/\u00a0 \u00a0Classe 900 PSIClasse 1500 PSI\u00a0 Anexos ANEXO A \u00a0\u00a0 \/\u00a0\u00a0\u00a0 ANEXO B ANEXO E<\/p>\n","protected":false},"author":1,"featured_media":0,"parent":226,"menu_order":0,"comment_status":"closed","ping_status":"closed","template":"","meta":{"ocean_post_layout":"","ocean_both_sidebars_style":"","ocean_both_sidebars_content_width":0,"ocean_both_sidebars_sidebars_width":0,"ocean_sidebar":"0","ocean_second_sidebar":"0","ocean_disable_margins":"enable","ocean_add_body_class":"","ocean_shortcode_before_top_bar":"","ocean_shortcode_after_top_bar":"","ocean_shortcode_before_header":"","ocean_shortcode_after_header":"","ocean_has_shortcode":"","ocean_shortcode_after_title":"","ocean_shortcode_before_footer_widgets":"","ocean_shortcode_after_footer_widgets":"","ocean_shortcode_before_footer_bottom":"","ocean_shortcode_after_footer_bottom":"","ocean_display_top_bar":"default","ocean_display_header":"default","ocean_header_style":"","ocean_center_header_left_menu":"0","ocean_custom_header_template":"0","ocean_custom_logo":0,"ocean_custom_retina_logo":0,"ocean_custom_logo_max_width":0,"ocean_custom_logo_tablet_max_width":0,"ocean_custom_logo_mobile_max_width":0,"ocean_custom_logo_max_height":0,"ocean_custom_logo_tablet_max_height":0,"ocean_custom_logo_mobile_max_height":0,"ocean_header_custom_menu":"0","ocean_menu_typo_font_family":"0","ocean_menu_typo_font_subset":"","ocean_menu_typo_font_size":0,"ocean_menu_typo_font_size_tablet":0,"ocean_menu_typo_font_size_mobile":0,"ocean_menu_typo_font_size_unit":"px","ocean_menu_typo_font_weight":"","ocean_menu_typo_font_weight_tablet":"","ocean_menu_typo_font_weight_mobile":"","ocean_menu_typo_transform":"","ocean_menu_typo_transform_tablet":"","ocean_menu_typo_transform_mobile":"","ocean_menu_typo_line_height":0,"ocean_menu_typo_line_height_tablet":0,"ocean_menu_typo_line_height_mobile":0,"ocean_menu_typo_line_height_unit":"","ocean_menu_typo_spacing":0,"ocean_menu_typo_spacing_tablet":0,"ocean_menu_typo_spacing_mobile":0,"ocean_menu_typo_spacing_unit":"","ocean_menu_link_color":"","ocean_menu_link_color_hover":"","ocean_menu_link_color_active":"","ocean_menu_link_background":"","ocean_menu_link_hover_background":"","ocean_menu_link_active_background":"","ocean_menu_social_links_bg":"","ocean_menu_social_hover_links_bg":"","ocean_menu_social_links_color":"","ocean_menu_social_hover_links_color":"","ocean_disable_title":"default","ocean_disable_heading":"default","ocean_post_title":"","ocean_post_subheading":"","ocean_post_title_style":"","ocean_post_title_background_color":"","ocean_post_title_background":0,"ocean_post_title_bg_image_position":"","ocean_post_title_bg_image_attachment":"","ocean_post_title_bg_image_repeat":"","ocean_post_title_bg_image_size":"","ocean_post_title_height":0,"ocean_post_title_bg_overlay":0.5,"ocean_post_title_bg_overlay_color":"","ocean_disable_breadcrumbs":"default","ocean_breadcrumbs_color":"","ocean_breadcrumbs_separator_color":"","ocean_breadcrumbs_links_color":"","ocean_breadcrumbs_links_hover_color":"","ocean_display_footer_widgets":"default","ocean_display_footer_bottom":"default","ocean_custom_footer_template":"","footnotes":""},"class_list":["post-563","page","type-page","status-publish","hentry","entry"],"_links":{"self":[{"href":"http:\/\/engeval.ind.br\/site\/wp-json\/wp\/v2\/pages\/563","targetHints":{"allow":["GET"]}}],"collection":[{"href":"http:\/\/engeval.ind.br\/site\/wp-json\/wp\/v2\/pages"}],"about":[{"href":"http:\/\/engeval.ind.br\/site\/wp-json\/wp\/v2\/types\/page"}],"author":[{"embeddable":true,"href":"http:\/\/engeval.ind.br\/site\/wp-json\/wp\/v2\/users\/1"}],"replies":[{"embeddable":true,"href":"http:\/\/engeval.ind.br\/site\/wp-json\/wp\/v2\/comments?post=563"}],"version-history":[{"count":10,"href":"http:\/\/engeval.ind.br\/site\/wp-json\/wp\/v2\/pages\/563\/revisions"}],"predecessor-version":[{"id":1316,"href":"http:\/\/engeval.ind.br\/site\/wp-json\/wp\/v2\/pages\/563\/revisions\/1316"}],"up":[{"embeddable":true,"href":"http:\/\/engeval.ind.br\/site\/wp-json\/wp\/v2\/pages\/226"}],"wp:attachment":[{"href":"http:\/\/engeval.ind.br\/site\/wp-json\/wp\/v2\/media?parent=563"}],"curies":[{"name":"wp","href":"https:\/\/api.w.org\/{rel}","templated":true}]}}