{"id":131,"date":"2018-07-19T09:28:05","date_gmt":"2018-07-19T12:28:05","guid":{"rendered":"http:\/\/engeval.ind.br\/site\/?page_id=131"},"modified":"2021-04-23T10:46:48","modified_gmt":"2021-04-23T13:46:48","slug":"representantes","status":"publish","type":"page","link":"http:\/\/engeval.ind.br\/site\/representantes\/","title":{"rendered":"Representantes"},"content":{"rendered":"\t\t<div data-elementor-type=\"wp-post\" data-elementor-id=\"131\" class=\"elementor elementor-131 elementor-bc-flex-widget\">\n\t\t\t\t\t\t<section class=\"elementor-section elementor-top-section elementor-element elementor-element-623e98f elementor-hidden-phone elementor-section-boxed elementor-section-height-default elementor-section-height-default\" data-id=\"623e98f\" data-element_type=\"section\" data-e-type=\"section\" data-settings=\"{&quot;background_background&quot;:&quot;classic&quot;}\">\n\t\t\t\t\t\t<div class=\"elementor-container elementor-column-gap-default\">\n\t\t\t\t\t<div class=\"elementor-column elementor-col-100 elementor-top-column elementor-element elementor-element-bcdb553\" data-id=\"bcdb553\" data-element_type=\"column\" data-e-type=\"column\">\n\t\t\t<div class=\"elementor-widget-wrap elementor-element-populated\">\n\t\t\t\t\t\t<div class=\"elementor-element elementor-element-b361c26 elementor-widget elementor-widget-spacer\" data-id=\"b361c26\" data-element_type=\"widget\" data-e-type=\"widget\" data-widget_type=\"spacer.default\">\n\t\t\t\t<div class=\"elementor-widget-container\">\n\t\t\t\t\t\t\t<div class=\"elementor-spacer\">\n\t\t\t<div class=\"elementor-spacer-inner\"><\/div>\n\t\t<\/div>\n\t\t\t\t\t\t<\/div>\n\t\t\t\t<\/div>\n\t\t\t\t\t<\/div>\n\t\t<\/div>\n\t\t\t\t\t<\/div>\n\t\t<\/section>\n\t\t\t\t<section class=\"elementor-section elementor-top-section elementor-element elementor-element-97b343b elementor-section-boxed elementor-section-height-default elementor-section-height-default\" data-id=\"97b343b\" data-element_type=\"section\" data-e-type=\"section\">\n\t\t\t\t\t\t<div class=\"elementor-container elementor-column-gap-default\">\n\t\t\t\t\t<div class=\"elementor-column elementor-col-100 elementor-top-column elementor-element elementor-element-3adfe20\" data-id=\"3adfe20\" data-element_type=\"column\" data-e-type=\"column\">\n\t\t\t<div class=\"elementor-widget-wrap elementor-element-populated\">\n\t\t\t\t\t\t<div class=\"elementor-element elementor-element-98efcd0 elementor-hidden-desktop elementor-hidden-tablet elementor-widget elementor-widget-image\" data-id=\"98efcd0\" data-element_type=\"widget\" data-e-type=\"widget\" data-widget_type=\"image.default\">\n\t\t\t\t<div class=\"elementor-widget-container\">\n\t\t\t\t\t\t\t\t\t\t\t\t\t\t\t<img fetchpriority=\"high\" decoding=\"async\" width=\"1024\" height=\"427\" src=\"http:\/\/engeval.ind.br\/site\/wp-content\/uploads\/2018\/10\/engeval_top_representantes5-1024x427.jpg\" class=\"attachment-large size-large wp-image-1090\" alt=\"\" srcset=\"http:\/\/engeval.ind.br\/site\/wp-content\/uploads\/2018\/10\/engeval_top_representantes5-1024x427.jpg 1024w, http:\/\/engeval.ind.br\/site\/wp-content\/uploads\/2018\/10\/engeval_top_representantes5-300x125.jpg 300w, http:\/\/engeval.ind.br\/site\/wp-content\/uploads\/2018\/10\/engeval_top_representantes5-768x320.jpg 768w, http:\/\/engeval.ind.br\/site\/wp-content\/uploads\/2018\/10\/engeval_top_representantes5.jpg 1920w\" sizes=\"(max-width: 1024px) 100vw, 1024px\" \/>\t\t\t\t\t\t\t\t\t\t\t\t\t\t\t<\/div>\n\t\t\t\t<\/div>\n\t\t\t\t\t<\/div>\n\t\t<\/div>\n\t\t\t\t\t<\/div>\n\t\t<\/section>\n\t\t\t\t<section class=\"elementor-section elementor-top-section elementor-element elementor-element-c1f6367 elementor-section-boxed elementor-section-height-default elementor-section-height-default\" data-id=\"c1f6367\" data-element_type=\"section\" data-e-type=\"section\">\n\t\t\t\t\t\t<div class=\"elementor-container elementor-column-gap-default\">\n\t\t\t\t\t<div class=\"elementor-column elementor-col-100 elementor-top-column elementor-element elementor-element-633f202\" data-id=\"633f202\" data-element_type=\"column\" data-e-type=\"column\">\n\t\t\t<div class=\"elementor-widget-wrap elementor-element-populated\">\n\t\t\t\t\t\t<div class=\"elementor-element elementor-element-d2aebd9 elementor-widget elementor-widget-spacer\" data-id=\"d2aebd9\" data-element_type=\"widget\" data-e-type=\"widget\" data-widget_type=\"spacer.default\">\n\t\t\t\t<div class=\"elementor-widget-container\">\n\t\t\t\t\t\t\t<div class=\"elementor-spacer\">\n\t\t\t<div class=\"elementor-spacer-inner\"><\/div>\n\t\t<\/div>\n\t\t\t\t\t\t<\/div>\n\t\t\t\t<\/div>\n\t\t\t\t\t<\/div>\n\t\t<\/div>\n\t\t\t\t\t<\/div>\n\t\t<\/section>\n\t\t\t\t<section class=\"elementor-section elementor-top-section elementor-element elementor-element-fa7b6b9 elementor-section-boxed elementor-section-height-default elementor-section-height-default elementor-invisible\" data-id=\"fa7b6b9\" data-element_type=\"section\" data-e-type=\"section\" data-settings=\"{&quot;animation&quot;:&quot;fadeInUp&quot;}\">\n\t\t\t\t\t\t<div class=\"elementor-container elementor-column-gap-default\">\n\t\t\t\t\t<div class=\"elementor-column elementor-col-50 elementor-top-column elementor-element elementor-element-f8abc7b\" data-id=\"f8abc7b\" data-element_type=\"column\" data-e-type=\"column\">\n\t\t\t<div class=\"elementor-widget-wrap elementor-element-populated\">\n\t\t\t\t\t\t<div class=\"elementor-element elementor-element-a6967c5 elementor-widget elementor-widget-heading\" data-id=\"a6967c5\" data-element_type=\"widget\" data-e-type=\"widget\" data-widget_type=\"heading.default\">\n\t\t\t\t<div class=\"elementor-widget-container\">\n\t\t\t\t\t<h2 class=\"elementor-heading-title elementor-size-xl\">Estado de SP<\/h2>\t\t\t\t<\/div>\n\t\t\t\t<\/div>\n\t\t\t\t<div class=\"elementor-element elementor-element-35368b5 elementor-widget elementor-widget-text-editor\" data-id=\"35368b5\" data-element_type=\"widget\" data-e-type=\"widget\" data-widget_type=\"text-editor.default\">\n\t\t\t\t<div class=\"elementor-widget-container\">\n\t\t\t\t\t\t\t\t\t<p><strong>Engenharias:\u00a0<\/strong>VSM Representa\u00e7\u00f5es de V\u00e1lvulas e Equipamentos Industriais LTDA.<br \/><strong>Contato:\u00a0<\/strong>Vinicius Speciali Munhoz<br \/><strong>Telefone: <\/strong>+55 (11) 3641-2769 \/ +55 (11) 9.8128-1777<br \/><strong>e-mail:\u00a0<\/strong><span style=\"background-color: #ffffff;\"><a href=\"mailto:vinicius@engeval.ind.br\">vinicius@engeval.ind.br<\/a><\/span><\/p><p><strong>Cliente Final:\u00a0<\/strong>VSM Representa\u00e7\u00f5es de V\u00e1lvulas e Equipamentos Industriais LTDA.<br \/><strong>Telefone:\u00a0<\/strong><span style=\"font-family: Roboto, sans-serif; font-size: 14px; font-style: normal; font-variant-ligatures: normal; font-variant-caps: normal; font-weight: 400;\">+55\u00a0<\/span><span style=\"font-size: 14px;\">(19) 3543-8860 \/ +55 (19) 9.9218-8280<br \/><\/span><strong style=\"font-size: 14px;\">e-mail:\u00a0<\/strong><a style=\"font-size: 14px; background-color: #ffffff;\" href=\"mailto:vendas@engeval.ind.br\" target=\"_blank\" rel=\"noopener\">vendas<\/a><span style=\"background-color: #ffffff;\"><a href=\"mailto:vendas@engeval.ind.br\">@engeval.ind.br<\/a><\/span><\/p>\t\t\t\t\t\t\t\t<\/div>\n\t\t\t\t<\/div>\n\t\t\t\t\t<\/div>\n\t\t<\/div>\n\t\t\t\t<div class=\"elementor-column elementor-col-50 elementor-top-column elementor-element elementor-element-3231b2b\" data-id=\"3231b2b\" data-element_type=\"column\" data-e-type=\"column\">\n\t\t\t<div class=\"elementor-widget-wrap elementor-element-populated\">\n\t\t\t\t\t\t<div class=\"elementor-element elementor-element-3c2cca3 elementor-widget elementor-widget-heading\" data-id=\"3c2cca3\" data-element_type=\"widget\" data-e-type=\"widget\" data-widget_type=\"heading.default\">\n\t\t\t\t<div class=\"elementor-widget-container\">\n\t\t\t\t\t<h2 class=\"elementor-heading-title elementor-size-xl\">Estado do RJ<\/h2>\t\t\t\t<\/div>\n\t\t\t\t<\/div>\n\t\t\t\t<div class=\"elementor-element elementor-element-ad013a2 elementor-widget elementor-widget-text-editor\" data-id=\"ad013a2\" data-element_type=\"widget\" data-e-type=\"widget\" data-widget_type=\"text-editor.default\">\n\t\t\t\t<div class=\"elementor-widget-container\">\n\t\t\t\t\t\t\t\t\t<p><strong>Engenharias:\u00a0<\/strong>VSM Representa\u00e7\u00f5es de V\u00e1lvulas e Equipamentos Industriais LTDA.<br \/><strong>Contato:\u00a0<\/strong>Vinicius Speciali Munhoz<br \/><strong>Telefone: <\/strong>+55 (11) 3641-2769 \/ +55 (11) 9.8128-1777<br \/><strong>e-mail:\u00a0<\/strong><span style=\"background-color: #ffffff;\"><a href=\"mailto:vinicius@engeval.ind.br\">vinicius@engeval.ind.br<\/a><\/span><\/p><p><strong>Cliente Final:\u00a0<\/strong>VSM Representa\u00e7\u00f5es de V\u00e1lvulas e Equipamentos Industriais LTDA.<br \/><strong>Telefone:\u00a0<\/strong>+55 (19) 3543-8860 \/ +55 (19) 9.9218-8280<br \/><strong>e-mail:\u00a0<\/strong><span style=\"background-color: #ffffff;\"><a href=\"mailto:vendas@engeval.ind.br\">vendas@engeval.ind.br<\/a><\/span><\/p>\t\t\t\t\t\t\t\t<\/div>\n\t\t\t\t<\/div>\n\t\t\t\t\t<\/div>\n\t\t<\/div>\n\t\t\t\t\t<\/div>\n\t\t<\/section>\n\t\t\t\t<section class=\"elementor-section elementor-top-section elementor-element elementor-element-3cec55d elementor-section-boxed elementor-section-height-default elementor-section-height-default elementor-invisible\" data-id=\"3cec55d\" data-element_type=\"section\" data-e-type=\"section\" data-settings=\"{&quot;background_background&quot;:&quot;classic&quot;,&quot;animation&quot;:&quot;fadeInUp&quot;}\">\n\t\t\t\t\t\t<div class=\"elementor-container elementor-column-gap-default\">\n\t\t\t\t\t<div class=\"elementor-column elementor-col-50 elementor-top-column elementor-element elementor-element-33efe7f\" data-id=\"33efe7f\" data-element_type=\"column\" data-e-type=\"column\">\n\t\t\t<div class=\"elementor-widget-wrap elementor-element-populated\">\n\t\t\t\t\t\t<div class=\"elementor-element elementor-element-862f132 elementor-widget elementor-widget-heading\" data-id=\"862f132\" data-element_type=\"widget\" data-e-type=\"widget\" data-widget_type=\"heading.default\">\n\t\t\t\t<div class=\"elementor-widget-container\">\n\t\t\t\t\t<h2 class=\"elementor-heading-title elementor-size-xl\">Estado do PR<\/h2>\t\t\t\t<\/div>\n\t\t\t\t<\/div>\n\t\t\t\t<div class=\"elementor-element elementor-element-a9d6c17 elementor-widget elementor-widget-text-editor\" data-id=\"a9d6c17\" data-element_type=\"widget\" data-e-type=\"widget\" data-widget_type=\"text-editor.default\">\n\t\t\t\t<div class=\"elementor-widget-container\">\n\t\t\t\t\t\t\t\t\t<p class=\"txt-representantes\">VSM Representa\u00e7\u00f5es de V\u00e1lvulas e Equipamentos Industriais LTDA.<br \/><strong>Contato:<\/strong> Vinicius Speciali Munhoz<br \/><u><\/u><u><\/u><strong>Telefone:<\/strong> +55 (11) 3641-2769 \/ +55 (11) 9.8128-1777<br \/><strong>e-mail:<\/strong>\u00a0<a href=\"mailto:vinicius@engeval.ind.br\" target=\"_blank\" rel=\"noopener\">vinicius@engeval.ind.br<\/a><\/p>\t\t\t\t\t\t\t\t<\/div>\n\t\t\t\t<\/div>\n\t\t\t\t\t<\/div>\n\t\t<\/div>\n\t\t\t\t<div class=\"elementor-column elementor-col-50 elementor-top-column elementor-element elementor-element-bc23daf\" data-id=\"bc23daf\" data-element_type=\"column\" data-e-type=\"column\">\n\t\t\t<div class=\"elementor-widget-wrap elementor-element-populated\">\n\t\t\t\t\t\t<div class=\"elementor-element elementor-element-5f60519 elementor-widget elementor-widget-heading\" data-id=\"5f60519\" data-element_type=\"widget\" data-e-type=\"widget\" data-widget_type=\"heading.default\">\n\t\t\t\t<div class=\"elementor-widget-container\">\n\t\t\t\t\t<h2 class=\"elementor-heading-title elementor-size-xl\">Estado do RS e SC<\/h2>\t\t\t\t<\/div>\n\t\t\t\t<\/div>\n\t\t\t\t<div class=\"elementor-element elementor-element-513f613 elementor-widget elementor-widget-text-editor\" data-id=\"513f613\" data-element_type=\"widget\" data-e-type=\"widget\" data-widget_type=\"text-editor.default\">\n\t\t\t\t<div class=\"elementor-widget-container\">\n\t\t\t\t\t\t\t\t\t<p class=\"txt-representantes\">FARPOLITO Representa\u00e7\u00f5es Comerciais LTDA.<br \/><strong style=\"font-size: 14px;\">Contato:\u00a0<\/strong><span style=\"font-size: 14px;\">Mauro Costantin<br \/><\/span><strong style=\"font-size: 14px;\">Telefone:\u00a0<\/strong><span style=\"font-size: 14px;\">+55 (51) 3568-4807 \/ +55 (51) 9121-0475<br \/><\/span><strong style=\"font-size: 14px;\">e-mail:\u00a0<\/strong><span style=\"font-size: 14px;\"><a href=\"mailto:mauro@engeval.ind.br\">mauro@engeval.ind.br<\/a><\/span><\/p>\t\t\t\t\t\t\t\t<\/div>\n\t\t\t\t<\/div>\n\t\t\t\t\t<\/div>\n\t\t<\/div>\n\t\t\t\t\t<\/div>\n\t\t<\/section>\n\t\t\t\t<section class=\"elementor-section elementor-top-section elementor-element elementor-element-7733839 elementor-section-boxed elementor-section-height-default elementor-section-height-default elementor-invisible\" data-id=\"7733839\" data-element_type=\"section\" data-e-type=\"section\" data-settings=\"{&quot;animation&quot;:&quot;fadeInUp&quot;}\">\n\t\t\t\t\t\t<div class=\"elementor-container elementor-column-gap-default\">\n\t\t\t\t\t<div class=\"elementor-column elementor-col-50 elementor-top-column elementor-element elementor-element-d90f116\" data-id=\"d90f116\" data-element_type=\"column\" data-e-type=\"column\">\n\t\t\t<div class=\"elementor-widget-wrap elementor-element-populated\">\n\t\t\t\t\t\t<div class=\"elementor-element elementor-element-0cae474 elementor-widget elementor-widget-heading\" data-id=\"0cae474\" data-element_type=\"widget\" data-e-type=\"widget\" data-widget_type=\"heading.default\">\n\t\t\t\t<div class=\"elementor-widget-container\">\n\t\t\t\t\t<h2 class=\"elementor-heading-title elementor-size-xl\">Estado de CE<\/h2>\t\t\t\t<\/div>\n\t\t\t\t<\/div>\n\t\t\t\t<div class=\"elementor-element elementor-element-b2cef6f elementor-widget elementor-widget-text-editor\" data-id=\"b2cef6f\" data-element_type=\"widget\" data-e-type=\"widget\" data-widget_type=\"text-editor.default\">\n\t\t\t\t<div class=\"elementor-widget-container\">\n\t\t\t\t\t\t\t\t\t<p>VSM Representa\u00e7\u00f5es de V\u00e1lvulas e Equipamentos Industriais LTDA.<br \/><strong>Contato:<\/strong> Vinicius Speciali Munhoz<br \/><u><\/u><u><\/u><strong>Telefone:<\/strong> +55 (11) 3641-2769 \/ +55 (11) 9.8128-1777<br \/><strong>e-mail:<\/strong>\u00a0<a href=\"mailto:vinicius@engeval.ind.br\" target=\"_blank\" rel=\"noopener\">vinicius@engeval.ind.br<\/a><\/p>\t\t\t\t\t\t\t\t<\/div>\n\t\t\t\t<\/div>\n\t\t\t\t\t<\/div>\n\t\t<\/div>\n\t\t\t\t<div class=\"elementor-column elementor-col-50 elementor-top-column elementor-element elementor-element-159a8cc\" data-id=\"159a8cc\" data-element_type=\"column\" data-e-type=\"column\">\n\t\t\t<div class=\"elementor-widget-wrap elementor-element-populated\">\n\t\t\t\t\t\t<div class=\"elementor-element elementor-element-333f2d3 elementor-widget elementor-widget-heading\" data-id=\"333f2d3\" data-element_type=\"widget\" data-e-type=\"widget\" data-widget_type=\"heading.default\">\n\t\t\t\t<div class=\"elementor-widget-container\">\n\t\t\t\t\t<h2 class=\"elementor-heading-title elementor-size-xl\">Estado do ES<\/h2>\t\t\t\t<\/div>\n\t\t\t\t<\/div>\n\t\t\t\t<div class=\"elementor-element elementor-element-6254f45 elementor-widget elementor-widget-text-editor\" data-id=\"6254f45\" data-element_type=\"widget\" data-e-type=\"widget\" data-widget_type=\"text-editor.default\">\n\t\t\t\t<div class=\"elementor-widget-container\">\n\t\t\t\t\t\t\t\t\t<p class=\"txt-representantes\"><strong>Contato:\u00a0<\/strong>Firmino da Silva Filho<br \/><strong style=\"font-size: 14px;\">Telefone:\u00a0<\/strong><span style=\"font-size: 14px;\">+55 (27) 9943-8145<br \/><\/span><strong style=\"font-size: 14px;\">e-mail:\u00a0<\/strong><span style=\"font-size: 14px;\"><a href=\"mailto:firmino@engeval.ind.br\">firmino@engeval.ind.br<\/a><\/span><\/p>\t\t\t\t\t\t\t\t<\/div>\n\t\t\t\t<\/div>\n\t\t\t\t\t<\/div>\n\t\t<\/div>\n\t\t\t\t\t<\/div>\n\t\t<\/section>\n\t\t\t\t<section class=\"elementor-section elementor-top-section elementor-element elementor-element-b0045d8 elementor-section-boxed elementor-section-height-default elementor-section-height-default elementor-invisible\" data-id=\"b0045d8\" data-element_type=\"section\" data-e-type=\"section\" data-settings=\"{&quot;background_background&quot;:&quot;classic&quot;,&quot;animation&quot;:&quot;fadeInUp&quot;}\">\n\t\t\t\t\t\t<div class=\"elementor-container elementor-column-gap-default\">\n\t\t\t\t\t<div class=\"elementor-column elementor-col-50 elementor-top-column elementor-element elementor-element-664f9ff\" data-id=\"664f9ff\" data-element_type=\"column\" data-e-type=\"column\">\n\t\t\t<div class=\"elementor-widget-wrap elementor-element-populated\">\n\t\t\t\t\t\t<div class=\"elementor-element elementor-element-9534ddb elementor-widget elementor-widget-heading\" data-id=\"9534ddb\" data-element_type=\"widget\" data-e-type=\"widget\" data-widget_type=\"heading.default\">\n\t\t\t\t<div class=\"elementor-widget-container\">\n\t\t\t\t\t<h2 class=\"elementor-heading-title elementor-size-xl\">Demais Estados<\/h2>\t\t\t\t<\/div>\n\t\t\t\t<\/div>\n\t\t\t\t<div class=\"elementor-element elementor-element-6781dc6 elementor-widget elementor-widget-text-editor\" data-id=\"6781dc6\" data-element_type=\"widget\" data-e-type=\"widget\" data-widget_type=\"text-editor.default\">\n\t\t\t\t<div class=\"elementor-widget-container\">\n\t\t\t\t\t\t\t\t\t<p class=\"txt-representantes\"><strong class=\"titulo-representantes\">Engenharias:\u00a0<\/strong>VSM Representa\u00e7\u00f5es de V\u00e1lvulas e Equipamentos Industriais LTDA.<br \/><strong>Contato:\u00a0<\/strong>Vinicius Speciali Munhoz<br \/><strong style=\"font-size: 14px;\">Telefone:\u00a0<\/strong><span style=\"font-size: 14px;\">+55 (11) 3641-2769 \/ +55 (11) 98128-1777<br \/><\/span><strong style=\"font-size: 14px;\">E-mail:\u00a0<\/strong><span style=\"font-size: 14px;\"><a href=\"mailto:vinicius@engeval.ind.br\">vinicius@engeval.ind.br<\/a><\/span><\/p><p class=\"txt-representantes\"><strong class=\"titulo-representantes\">Cliente Final:\u00a0<\/strong>VSM Representa\u00e7\u00f5es de V\u00e1lvulas e Equipamentos Industriais LTDA.<br \/><strong style=\"font-size: 14px;\">Telefone:\u00a0<\/strong><span style=\"font-size: 14px;\">+55 (19) 3543-8860 \/ +55 (19) 99218-8280<br \/><\/span><strong style=\"font-size: 14px;\">e-mail:\u00a0<\/strong><span style=\"font-size: 14px;\"><a href=\"mailto:vendas@engeval.ind.br\">vendas@engeval.ind.br<\/a><\/span><\/p>\t\t\t\t\t\t\t\t<\/div>\n\t\t\t\t<\/div>\n\t\t\t\t<div class=\"elementor-element elementor-element-73e0566 elementor-widget elementor-widget-spacer\" data-id=\"73e0566\" data-element_type=\"widget\" data-e-type=\"widget\" data-widget_type=\"spacer.default\">\n\t\t\t\t<div class=\"elementor-widget-container\">\n\t\t\t\t\t\t\t<div class=\"elementor-spacer\">\n\t\t\t<div class=\"elementor-spacer-inner\"><\/div>\n\t\t<\/div>\n\t\t\t\t\t\t<\/div>\n\t\t\t\t<\/div>\n\t\t\t\t\t<\/div>\n\t\t<\/div>\n\t\t\t\t<div class=\"elementor-column elementor-col-50 elementor-top-column elementor-element elementor-element-f06b553\" data-id=\"f06b553\" data-element_type=\"column\" data-e-type=\"column\">\n\t\t\t<div class=\"elementor-widget-wrap elementor-element-populated\">\n\t\t\t\t\t\t<div class=\"elementor-element elementor-element-d72b714 elementor-widget elementor-widget-spacer\" data-id=\"d72b714\" data-element_type=\"widget\" data-e-type=\"widget\" data-widget_type=\"spacer.default\">\n\t\t\t\t<div class=\"elementor-widget-container\">\n\t\t\t\t\t\t\t<div class=\"elementor-spacer\">\n\t\t\t<div class=\"elementor-spacer-inner\"><\/div>\n\t\t<\/div>\n\t\t\t\t\t\t<\/div>\n\t\t\t\t<\/div>\n\t\t\t\t\t<\/div>\n\t\t<\/div>\n\t\t\t\t\t<\/div>\n\t\t<\/section>\n\t\t\t\t<\/div>\n\t\t","protected":false},"excerpt":{"rendered":"<p>Estado de SP Engenharias:\u00a0VSM Representa\u00e7\u00f5es de V\u00e1lvulas e Equipamentos Industriais LTDA.Contato:\u00a0Vinicius Speciali MunhozTelefone: +55 (11) 3641-2769 \/ +55 (11) 9.8128-1777e-mail:\u00a0vinicius@engeval.ind.br Cliente Final:\u00a0VSM Representa\u00e7\u00f5es de V\u00e1lvulas e Equipamentos Industriais LTDA.Telefone:\u00a0+55\u00a0(19) 3543-8860 \/ +55 (19) 9.9218-8280e-mail:\u00a0vendas@engeval.ind.br Estado do RJ Engenharias:\u00a0VSM Representa\u00e7\u00f5es de V\u00e1lvulas e Equipamentos Industriais LTDA.Contato:\u00a0Vinicius Speciali MunhozTelefone: +55 (11) 3641-2769 \/ +55 (11) 9.8128-1777e-mail:\u00a0vinicius@engeval.ind.br Cliente [&hellip;]<\/p>\n","protected":false},"author":1,"featured_media":0,"parent":0,"menu_order":0,"comment_status":"closed","ping_status":"closed","template":"","meta":{"ocean_post_layout":"","ocean_both_sidebars_style":"","ocean_both_sidebars_content_width":0,"ocean_both_sidebars_sidebars_width":0,"ocean_sidebar":"","ocean_second_sidebar":"","ocean_disable_margins":"enable","ocean_add_body_class":"","ocean_shortcode_before_top_bar":"","ocean_shortcode_after_top_bar":"","ocean_shortcode_before_header":"","ocean_shortcode_after_header":"","ocean_has_shortcode":"","ocean_shortcode_after_title":"","ocean_shortcode_before_footer_widgets":"","ocean_shortcode_after_footer_widgets":"","ocean_shortcode_before_footer_bottom":"","ocean_shortcode_after_footer_bottom":"","ocean_display_top_bar":"default","ocean_display_header":"default","ocean_header_style":"","ocean_center_header_left_menu":"","ocean_custom_header_template":"","ocean_custom_logo":0,"ocean_custom_retina_logo":0,"ocean_custom_logo_max_width":0,"ocean_custom_logo_tablet_max_width":0,"ocean_custom_logo_mobile_max_width":0,"ocean_custom_logo_max_height":0,"ocean_custom_logo_tablet_max_height":0,"ocean_custom_logo_mobile_max_height":0,"ocean_header_custom_menu":"","ocean_menu_typo_font_family":"","ocean_menu_typo_font_subset":"","ocean_menu_typo_font_size":0,"ocean_menu_typo_font_size_tablet":0,"ocean_menu_typo_font_size_mobile":0,"ocean_menu_typo_font_size_unit":"px","ocean_menu_typo_font_weight":"","ocean_menu_typo_font_weight_tablet":"","ocean_menu_typo_font_weight_mobile":"","ocean_menu_typo_transform":"","ocean_menu_typo_transform_tablet":"","ocean_menu_typo_transform_mobile":"","ocean_menu_typo_line_height":0,"ocean_menu_typo_line_height_tablet":0,"ocean_menu_typo_line_height_mobile":0,"ocean_menu_typo_line_height_unit":"","ocean_menu_typo_spacing":0,"ocean_menu_typo_spacing_tablet":0,"ocean_menu_typo_spacing_mobile":0,"ocean_menu_typo_spacing_unit":"","ocean_menu_link_color":"","ocean_menu_link_color_hover":"","ocean_menu_link_color_active":"","ocean_menu_link_background":"","ocean_menu_link_hover_background":"","ocean_menu_link_active_background":"","ocean_menu_social_links_bg":"","ocean_menu_social_hover_links_bg":"","ocean_menu_social_links_color":"","ocean_menu_social_hover_links_color":"","ocean_disable_title":"default","ocean_disable_heading":"default","ocean_post_title":"","ocean_post_subheading":"","ocean_post_title_style":"","ocean_post_title_background_color":"","ocean_post_title_background":0,"ocean_post_title_bg_image_position":"","ocean_post_title_bg_image_attachment":"","ocean_post_title_bg_image_repeat":"","ocean_post_title_bg_image_size":"","ocean_post_title_height":0,"ocean_post_title_bg_overlay":0.5,"ocean_post_title_bg_overlay_color":"","ocean_disable_breadcrumbs":"default","ocean_breadcrumbs_color":"","ocean_breadcrumbs_separator_color":"","ocean_breadcrumbs_links_color":"","ocean_breadcrumbs_links_hover_color":"","ocean_display_footer_widgets":"default","ocean_display_footer_bottom":"default","ocean_custom_footer_template":"","footnotes":""},"class_list":["post-131","page","type-page","status-publish","hentry","entry"],"_links":{"self":[{"href":"http:\/\/engeval.ind.br\/site\/wp-json\/wp\/v2\/pages\/131","targetHints":{"allow":["GET"]}}],"collection":[{"href":"http:\/\/engeval.ind.br\/site\/wp-json\/wp\/v2\/pages"}],"about":[{"href":"http:\/\/engeval.ind.br\/site\/wp-json\/wp\/v2\/types\/page"}],"author":[{"embeddable":true,"href":"http:\/\/engeval.ind.br\/site\/wp-json\/wp\/v2\/users\/1"}],"replies":[{"embeddable":true,"href":"http:\/\/engeval.ind.br\/site\/wp-json\/wp\/v2\/comments?post=131"}],"version-history":[{"count":16,"href":"http:\/\/engeval.ind.br\/site\/wp-json\/wp\/v2\/pages\/131\/revisions"}],"predecessor-version":[{"id":1384,"href":"http:\/\/engeval.ind.br\/site\/wp-json\/wp\/v2\/pages\/131\/revisions\/1384"}],"wp:attachment":[{"href":"http:\/\/engeval.ind.br\/site\/wp-json\/wp\/v2\/media?parent=131"}],"curies":[{"name":"wp","href":"https:\/\/api.w.org\/{rel}","templated":true}]}}